{"id":26980,"date":"2025-05-16T09:18:48","date_gmt":"2025-05-16T09:18:48","guid":{"rendered":"https:\/\/www.ofismer.com\/?post_type=product&#038;p=26980"},"modified":"2026-01-07T13:19:22","modified_gmt":"2026-01-07T13:19:22","slug":"ares-makam-masasi","status":"publish","type":"product","link":"https:\/\/aslanofis.com\/index.php\/urun\/ares-makam-masasi\/","title":{"rendered":"Ares makam masas\u0131"},"content":{"rendered":"<p><strong data-start=\"461\" data-end=\"482\">Ares Makam Masas\u0131<\/strong>, g\u00fc\u00e7l\u00fc tasar\u0131m\u0131 ve sa\u011flam yap\u0131s\u0131yla y\u00f6neticiler i\u00e7in \u00f6zel olarak tasarlanm\u0131\u015ft\u0131r. Modern \u00e7izgileriyle dikkat \u00e7eken bu masa, ofisinize karizma ve prestij katarken, geni\u015f y\u00fczeyi sayesinde rahat bir \u00e7al\u0131\u015fma alan\u0131 sunar. Kaliteli malzemesi ve fonksiyonel detaylar\u0131yla uzun y\u0131llar kullan\u0131ma uygundur. Ares makam masas\u0131, profesyonel ortamlar i\u00e7in hem \u015f\u0131kl\u0131\u011f\u0131 hem de kullan\u0131\u015fl\u0131l\u0131\u011f\u0131 bir arada sunar.<\/p>\n","protected":false},"excerpt":{"rendered":"<p>Modern \u00e7izgileriyle dikkat \u00e7eken Ares Makam Masas\u0131, ofisinize karizma ve prestij katarken, geni\u015f y\u00fczeyi sayesinde rahat bir \u00e7al\u0131\u015fma alan\u0131 sunar. Kaliteli malzemesi ve fonksiyonel detaylar\u0131yla uzun y\u0131llar kullan\u0131ma uygundur. Ares makam masas\u0131, profesyonel ortamlar i\u00e7in hem \u015f\u0131kl\u0131\u011f\u0131 hem de kullan\u0131\u015fl\u0131l\u0131\u011f\u0131 bir arada sunar.<\/p>\n","protected":false},"featured_media":26,"comment_status":"open","ping_status":"closed","template":"","meta":[],"product_brand":[],"product_cat":[86],"product_tag":[253,247],"class_list":{"0":"post-26980","1":"product","2":"type-product","3":"status-publish","4":"has-post-thumbnail","6":"product_cat-makam-masalari","7":"product_tag-ares-masa","8":"product_tag-makam-masasi","10":"first","11":"instock","12":"taxable","13":"shipping-taxable","14":"purchasable","15":"product-type-variable","16":"has-default-attributes"},"_links":{"self":[{"href":"https:\/\/aslanofis.com\/index.php\/wp-json\/wp\/v2\/product\/26980","targetHints":{"allow":["GET"]}}],"collection":[{"href":"https:\/\/aslanofis.com\/index.php\/wp-json\/wp\/v2\/product"}],"about":[{"href":"https:\/\/aslanofis.com\/index.php\/wp-json\/wp\/v2\/types\/product"}],"replies":[{"embeddable":true,"href":"https:\/\/aslanofis.com\/index.php\/wp-json\/wp\/v2\/comments?post=26980"}],"version-history":[{"count":1,"href":"https:\/\/aslanofis.com\/index.php\/wp-json\/wp\/v2\/product\/26980\/revisions"}],"predecessor-version":[{"id":30285,"href":"https:\/\/aslanofis.com\/index.php\/wp-json\/wp\/v2\/product\/26980\/revisions\/30285"}],"wp:featuredmedia":[{"embeddable":true,"href":"https:\/\/aslanofis.com\/index.php\/wp-json\/wp\/v2\/media\/26"}],"wp:attachment":[{"href":"https:\/\/aslanofis.com\/index.php\/wp-json\/wp\/v2\/media?parent=26980"}],"wp:term":[{"taxonomy":"product_brand","embeddable":true,"href":"https:\/\/aslanofis.com\/index.php\/wp-json\/wp\/v2\/product_brand?post=26980"},{"taxonomy":"product_cat","embeddable":true,"href":"https:\/\/aslanofis.com\/index.php\/wp-json\/wp\/v2\/product_cat?post=26980"},{"taxonomy":"product_tag","embeddable":true,"href":"https:\/\/aslanofis.com\/index.php\/wp-json\/wp\/v2\/product_tag?post=26980"}],"curies":[{"name":"wp","href":"https:\/\/api.w.org\/{rel}","templated":true}]}}