{"id":28226,"date":"2025-05-21T08:53:57","date_gmt":"2025-05-21T08:53:57","guid":{"rendered":"https:\/\/www.ofismer.com\/?post_type=product&#038;p=28226"},"modified":"2026-03-25T13:39:19","modified_gmt":"2026-03-25T13:39:19","slug":"inspire-makam-koltugu","status":"publish","type":"product","link":"https:\/\/aslanofis.com\/index.php\/urun\/inspire-makam-koltugu\/","title":{"rendered":"Truva makam koltu\u011fu"},"content":{"rendered":"<p><strong data-start=\"459\" data-end=\"484\">\u0130nspire Makam Koltu\u011fu<\/strong>, modern ofisler i\u00e7in tasarlanm\u0131\u015f ergonomik ve \u015f\u0131k bir y\u00f6netici koltu\u011fudur. Y\u00fcksek kaliteli malzeme ve ayarlanabilir \u00f6zellikleri sayesinde uzun \u00e7al\u0131\u015fma saatlerinde rahatl\u0131k sa\u011flar. Estetik \u00e7izgileriyle ofisinizin g\u00f6r\u00fcn\u00fcm\u00fcn\u00fc tamamlayan \u0130nspire, profesyonel y\u00f6neticiler i\u00e7in ideal bir se\u00e7imdir.<\/p>\n","protected":false},"excerpt":{"rendered":"<p>\u0130nspire, profesyonel y\u00f6neticiler i\u00e7in ideal bir se\u00e7imdir.<\/p>\n","protected":false},"featured_media":29878,"comment_status":"open","ping_status":"closed","template":"","meta":[],"product_brand":[],"product_cat":[260],"product_tag":[381,377],"class_list":{"0":"post-28226","1":"product","2":"type-product","3":"status-publish","4":"has-post-thumbnail","6":"product_cat-makam-koltuklari","7":"product_tag-inspire","8":"product_tag-makam-koltugu","10":"first","11":"instock","12":"taxable","13":"shipping-taxable","14":"purchasable","15":"product-type-variable"},"_links":{"self":[{"href":"https:\/\/aslanofis.com\/index.php\/wp-json\/wp\/v2\/product\/28226","targetHints":{"allow":["GET"]}}],"collection":[{"href":"https:\/\/aslanofis.com\/index.php\/wp-json\/wp\/v2\/product"}],"about":[{"href":"https:\/\/aslanofis.com\/index.php\/wp-json\/wp\/v2\/types\/product"}],"replies":[{"embeddable":true,"href":"https:\/\/aslanofis.com\/index.php\/wp-json\/wp\/v2\/comments?post=28226"}],"version-history":[{"count":3,"href":"https:\/\/aslanofis.com\/index.php\/wp-json\/wp\/v2\/product\/28226\/revisions"}],"predecessor-version":[{"id":30406,"href":"https:\/\/aslanofis.com\/index.php\/wp-json\/wp\/v2\/product\/28226\/revisions\/30406"}],"wp:featuredmedia":[{"embeddable":true,"href":"https:\/\/aslanofis.com\/index.php\/wp-json\/wp\/v2\/media\/29878"}],"wp:attachment":[{"href":"https:\/\/aslanofis.com\/index.php\/wp-json\/wp\/v2\/media?parent=28226"}],"wp:term":[{"taxonomy":"product_brand","embeddable":true,"href":"https:\/\/aslanofis.com\/index.php\/wp-json\/wp\/v2\/product_brand?post=28226"},{"taxonomy":"product_cat","embeddable":true,"href":"https:\/\/aslanofis.com\/index.php\/wp-json\/wp\/v2\/product_cat?post=28226"},{"taxonomy":"product_tag","embeddable":true,"href":"https:\/\/aslanofis.com\/index.php\/wp-json\/wp\/v2\/product_tag?post=28226"}],"curies":[{"name":"wp","href":"https:\/\/api.w.org\/{rel}","templated":true}]}}