{"id":28523,"date":"2025-05-23T13:12:18","date_gmt":"2025-05-23T13:12:18","guid":{"rendered":"https:\/\/www.ofismer.com\/?post_type=product&#038;p=28523"},"modified":"2025-10-08T12:02:06","modified_gmt":"2025-10-08T12:02:06","slug":"nancy-uclu-kanepe","status":"publish","type":"product","link":"https:\/\/aslanofis.com\/index.php\/urun\/nancy-uclu-kanepe\/","title":{"rendered":"Nancy \u00fc\u00e7l\u00fc kanepe"},"content":{"rendered":"","protected":false},"excerpt":{"rendered":"","protected":false},"featured_media":27912,"comment_status":"open","ping_status":"closed","template":"","meta":[],"product_brand":[],"product_cat":[117],"product_tag":[],"class_list":{"0":"post-28523","1":"product","2":"type-product","3":"status-publish","4":"has-post-thumbnail","6":"product_cat-urunler","8":"first","9":"instock","10":"taxable","11":"shipping-taxable","12":"purchasable","13":"product-type-variable"},"_links":{"self":[{"href":"https:\/\/aslanofis.com\/index.php\/wp-json\/wp\/v2\/product\/28523","targetHints":{"allow":["GET"]}}],"collection":[{"href":"https:\/\/aslanofis.com\/index.php\/wp-json\/wp\/v2\/product"}],"about":[{"href":"https:\/\/aslanofis.com\/index.php\/wp-json\/wp\/v2\/types\/product"}],"replies":[{"embeddable":true,"href":"https:\/\/aslanofis.com\/index.php\/wp-json\/wp\/v2\/comments?post=28523"}],"version-history":[{"count":1,"href":"https:\/\/aslanofis.com\/index.php\/wp-json\/wp\/v2\/product\/28523\/revisions"}],"predecessor-version":[{"id":29930,"href":"https:\/\/aslanofis.com\/index.php\/wp-json\/wp\/v2\/product\/28523\/revisions\/29930"}],"wp:featuredmedia":[{"embeddable":true,"href":"https:\/\/aslanofis.com\/index.php\/wp-json\/wp\/v2\/media\/27912"}],"wp:attachment":[{"href":"https:\/\/aslanofis.com\/index.php\/wp-json\/wp\/v2\/media?parent=28523"}],"wp:term":[{"taxonomy":"product_brand","embeddable":true,"href":"https:\/\/aslanofis.com\/index.php\/wp-json\/wp\/v2\/product_brand?post=28523"},{"taxonomy":"product_cat","embeddable":true,"href":"https:\/\/aslanofis.com\/index.php\/wp-json\/wp\/v2\/product_cat?post=28523"},{"taxonomy":"product_tag","embeddable":true,"href":"https:\/\/aslanofis.com\/index.php\/wp-json\/wp\/v2\/product_tag?post=28523"}],"curies":[{"name":"wp","href":"https:\/\/api.w.org\/{rel}","templated":true}]}}