{"id":29151,"date":"2025-07-07T09:13:02","date_gmt":"2025-07-07T09:13:02","guid":{"rendered":"https:\/\/www.ofismer.com\/?post_type=product&#038;p=29151"},"modified":"2025-10-08T12:22:29","modified_gmt":"2025-10-08T12:22:29","slug":"chester-uclu","status":"publish","type":"product","link":"https:\/\/aslanofis.com\/index.php\/urun\/chester-uclu\/","title":{"rendered":"Chester &#8211; \u00dc\u00e7l\u00fc"},"content":{"rendered":"","protected":false},"excerpt":{"rendered":"","protected":false},"featured_media":29148,"comment_status":"open","ping_status":"closed","template":"","meta":[],"product_brand":[],"product_cat":[117],"product_tag":[],"class_list":{"0":"post-29151","1":"product","2":"type-product","3":"status-publish","4":"has-post-thumbnail","6":"product_cat-urunler","8":"first","9":"instock","10":"taxable","11":"shipping-taxable","12":"purchasable","13":"product-type-simple"},"_links":{"self":[{"href":"https:\/\/aslanofis.com\/index.php\/wp-json\/wp\/v2\/product\/29151","targetHints":{"allow":["GET"]}}],"collection":[{"href":"https:\/\/aslanofis.com\/index.php\/wp-json\/wp\/v2\/product"}],"about":[{"href":"https:\/\/aslanofis.com\/index.php\/wp-json\/wp\/v2\/types\/product"}],"replies":[{"embeddable":true,"href":"https:\/\/aslanofis.com\/index.php\/wp-json\/wp\/v2\/comments?post=29151"}],"version-history":[{"count":1,"href":"https:\/\/aslanofis.com\/index.php\/wp-json\/wp\/v2\/product\/29151\/revisions"}],"predecessor-version":[{"id":29952,"href":"https:\/\/aslanofis.com\/index.php\/wp-json\/wp\/v2\/product\/29151\/revisions\/29952"}],"wp:featuredmedia":[{"embeddable":true,"href":"https:\/\/aslanofis.com\/index.php\/wp-json\/wp\/v2\/media\/29148"}],"wp:attachment":[{"href":"https:\/\/aslanofis.com\/index.php\/wp-json\/wp\/v2\/media?parent=29151"}],"wp:term":[{"taxonomy":"product_brand","embeddable":true,"href":"https:\/\/aslanofis.com\/index.php\/wp-json\/wp\/v2\/product_brand?post=29151"},{"taxonomy":"product_cat","embeddable":true,"href":"https:\/\/aslanofis.com\/index.php\/wp-json\/wp\/v2\/product_cat?post=29151"},{"taxonomy":"product_tag","embeddable":true,"href":"https:\/\/aslanofis.com\/index.php\/wp-json\/wp\/v2\/product_tag?post=29151"}],"curies":[{"name":"wp","href":"https:\/\/api.w.org\/{rel}","templated":true}]}}